
{"id":18875,"date":"2025-11-21T13:22:32","date_gmt":"2025-11-21T12:22:32","guid":{"rendered":"https:\/\/www.dp-institute.eu\/?page_id=18875"},"modified":"2026-03-26T16:20:48","modified_gmt":"2026-03-26T15:20:48","slug":"boek-een-stay-tuned-politie-proefsessie","status":"publish","type":"page","link":"https:\/\/www.dp-institute.eu\/nl\/boek-een-stay-tuned-politie-proefsessie\/","title":{"rendered":"Boek een Stay Tuned Politie proefsessie."},"content":{"rendered":"<p>De\u00a0<a href=\"https:\/\/www.dp-institute.eu\/nl\/opleidingen\/stay-tuned-as-dpo-politie\/\">formule*<\/a> Stay Tuned Politie biedt de ideale mogelijkheid om constant bij te blijven in de wereld van GDPR als politie.<\/p>\n<p data-start=\"739\" data-end=\"1103\">Deze abonnementsformule voorziet je\u00a0van een intensieve opleidingsdag, telkens met een focus op <strong data-start=\"857\" data-end=\"920\">actuele, operationele en juridisch relevante politiethema\u2019s<\/strong>. Van nieuwe wetgeving tot technologische innovaties zoals drones, AI en digitale politiedossiers: elke editie zoomt in op onderwerpen die rechtstreeks impact hebben op jouw praktijk.<\/p>\n<p data-start=\"1105\" data-end=\"1442\">De \u201cStay Tuned\u201d-sessies worden geleid door <strong data-start=\"1148\" data-end=\"1184\">ervaren experts uit het werkveld<\/strong>, zorgvuldig geselecteerd op basis van hun domeinexpertise \u00e9n hun didactische aanpak. Tijdens elke sessie krijg je de kans om je kennis te verdiepen, actuele casussen te bespreken en inzichten mee te nemen die je onmiddellijk kan toepassen in je organisatie.<\/p>\n<p data-start=\"1444\" data-end=\"1652\"><strong data-start=\"1444\" data-end=\"1528\">Nog geen lid van Stay Tuned maar wel benieuwd of het programma iets voor jou is?<\/strong><br data-start=\"1528\" data-end=\"1531\" \/>Schrijf je dan in voor een <strong data-start=\"1558\" data-end=\"1571\">Free-seat<\/strong>* en proef zelf van de aanpak, de inhoud en de meerwaarde van Stay Tuned Politie.<\/p>\n<p>&nbsp;<\/p>\n<p>Wil jij eens een sessie proberen? Dan kan je jouw inschrijven op een proefdag*.<\/p>\n<div class=\"frm_forms  with_frm_style frm_style_formidable-style\" id=\"frm_form_90_container\" >\n<form enctype=\"multipart\/form-data\" method=\"post\" class=\"frm-show-form  frm_ajax_submit  frm_pro_form \" id=\"form_registratieformulier-staytunedpolitie-freeseat\" >\n<div class=\"frm_form_fields \">\n<fieldset>\n<legend class=\"frm_hidden\">Registratieformulier Stay Tuned Politie Free Seat<\/legend>\r\n\r\n<div class=\"frm_fields_container\">\n<input type=\"hidden\" name=\"frm_action\" value=\"create\" \/>\n<input type=\"hidden\" name=\"form_id\" value=\"90\" \/>\n<input type=\"hidden\" name=\"frm_hide_fields_90\" id=\"frm_hide_fields_90\" value=\"\" \/>\n<input type=\"hidden\" name=\"form_key\" value=\"registratieformulier-staytunedpolitie-freeseat\" \/>\n<input type=\"hidden\" name=\"item_meta[0]\" value=\"\" \/>\n<input type=\"hidden\" id=\"frm_submit_entry_90\" name=\"frm_submit_entry_90\" value=\"22fab0b05d\" \/><input type=\"hidden\" name=\"_wp_http_referer\" value=\"\/nl\/wp-json\/wp\/v2\/pages\/18875\" \/>\t\t<input  type=\"hidden\" name=\"item_meta[1212]\" id=\"field_3iqft32\" value=\"\"  data-invmsg=\"HubSpot is ongeldig\"   \/>\n\t\t\t\t<input  type=\"hidden\" name=\"item_meta[1213]\" id=\"field_9cxk832\" value=\"\"  data-invmsg=\"HubSpot is ongeldig\"   \/>\n\t\t\t\t<input  type=\"hidden\" name=\"item_meta[1214]\" id=\"field_team32\" value=\"DPI\"  data-frmval=\"DPI\"   \/>\n\t\t\t\t<input  type=\"hidden\" name=\"item_meta[1215]\" id=\"field_wpbet32\" value=\"\"  data-invmsg=\"HubSpot is ongeldig\"   \/>\n\t\t\t\t<input  type=\"hidden\" name=\"item_meta[1216]\" id=\"field_gonai32\" value=\"\"  data-invmsg=\"HubSpot is ongeldig\"   \/>\n\t\t\t\t<input  type=\"hidden\" name=\"item_meta[1217]\" id=\"field_kwatt32\" value=\"DPI Newsletter\"  data-frmval=\"DPI Newsletter\"   \/>\n\t\t\t\t<input  type=\"hidden\" name=\"item_meta[1218]\" id=\"field_to6t732\" value=\"\"  data-invmsg=\"HubSpot is ongeldig\"   \/>\n\t\t\t\t<input  type=\"hidden\" name=\"item_meta[1219]\" id=\"field_dvkvw32\" value=\"DPI Privacy Caf\u00e9\"  data-frmval=\"DPI Privacy Caf\u00e9\"   \/>\n\t\t\t\t<input  type=\"hidden\" name=\"item_meta[1220]\" id=\"field_tzlok32\" value=\"\"  data-invmsg=\"HubSpot is ongeldig\"   \/>\n\t\t\t\t<input  type=\"hidden\" name=\"item_meta[1221]\" id=\"field_7lv1r32\" value=\"\"  data-invmsg=\"HubSpot is ongeldig\"   \/>\n\t\t\t\t<input  type=\"hidden\" name=\"item_meta[1222]\" id=\"field_194gf32\" value=\"Nederlands\"  data-frmval=\"Nederlands\"   \/>\n\t\t\t\t<input  type=\"hidden\" name=\"item_meta[1223]\" id=\"field_gktgy32\" value=\"\"  data-invmsg=\"HubSpot is ongeldig\"   \/>\n\t\t<div id=\"frm_field_1224_container\" class=\"frm_form_field form-field  frm_required_field frm_top_container frm6 frm_first\">\r\n<input  type=\"text\" id=\"field_o69jd42\" name=\"item_meta[1224]\" value=\"\"  placeholder=\"Voornaam\" data-reqmsg=\"Dit veld mag niet leeg zijn.\" aria-required=\"true\" data-invmsg=\"Name is ongeldig\" aria-invalid=\"false\"   \/>\r\n    <label for=\"field_o69jd42\" class=\"frm_primary_label\">Pr\u00e9nom\r\n        <span class=\"frm_required\">*<\/span>\r\n    <\/label>\r\n    \r\n    \r\n<\/div>\n\t\t<input  type=\"hidden\" name=\"item_meta[1225]\" id=\"field_249l432\" value=\"\"  data-invmsg=\"HubSpot is ongeldig\"   \/>\n\t\t<div id=\"frm_field_1226_container\" class=\"frm_form_field form-field  frm_required_field frm_top_container frm6\">\r\n    <input  type=\"text\" id=\"field_l3dkc42\" name=\"item_meta[1226]\" value=\"\"  placeholder=\"Achternaam\" data-reqmsg=\"Dit veld mag niet leeg zijn.\" aria-required=\"true\" data-invmsg=\"Last Name is ongeldig\" aria-invalid=\"false\"   \/>\r\n    <label for=\"field_l3dkc42\" class=\"frm_primary_label\">Nom de famille\r\n        <span class=\"frm_required\">*<\/span>\r\n    <\/label>\r\n    \r\n    \r\n<\/div>\n\t\t<input  type=\"hidden\" name=\"item_meta[1227]\" id=\"field_kg8me32\" value=\"\"  data-invmsg=\"HubSpot is ongeldig\"   \/>\n\t\t<div id=\"frm_field_1228_container\" class=\"frm_form_field form-field  frm_required_field frm_top_container frm_first frm_full\">\r\n    <input  type=\"text\" id=\"field_xyrs942\" name=\"item_meta[1228]\" value=\"\"  placeholder=\"Bedrijf\" data-reqmsg=\"Dit veld mag niet leeg zijn.\" aria-required=\"true\" data-invmsg=\"Username is ongeldig\" aria-invalid=\"false\"   \/>\r\n    <label for=\"field_xyrs942\" class=\"frm_primary_label\">Bedrijf\r\n        <span class=\"frm_required\">*<\/span>\r\n    <\/label>\r\n    \r\n    \r\n<\/div>\n<div id=\"frm_field_1229_container\" class=\"frm_form_field form-field  frm_required_field frm_top_container frm_first frm_half\">\r\n    <input type=\"email\" id=\"field_ib8eb32\" name=\"item_meta[1229]\" value=\"\"  placeholder=\"E-mailadres\" data-reqmsg=\"Dit veld mag niet leeg zijn.\" aria-required=\"true\" data-invmsg=\"E-mailadres is ongeldig.\" aria-invalid=\"false\"  \/>\r\n    <label for=\"field_ib8eb32\" id=\"field_ib8eb32_label\" class=\"frm_primary_label\">E-mailadres\r\n        <span class=\"frm_required\" aria-hidden=\"true\">*<\/span>\r\n    <\/label>\r\n    \r\n    \r\n<\/div>\n<div id=\"frm_field_1230_container\" class=\"frm_form_field form-field  frm_required_field frm_top_container frm_half\">\r\n    <input type=\"tel\" id=\"field_ulcgx32\" name=\"item_meta[1230]\" value=\"\"  placeholder=\"Telefoonnummer\" data-reqmsg=\"Dit veld mag niet leeg zijn.\" aria-required=\"true\" data-invmsg=\"Telefoon ongeldig.\" aria-invalid=\"false\" pattern=\"((\\+\\d{1,3}(-|.| )?\\(?\\d\\)?(-| |.)?\\d{1,5})|(\\(?\\d{2,6}\\)?))(-|.| )?(\\d{3,4})(-|.| )?(\\d{4})(( x| ext)\\d{1,5}){0,1}$\"   aria-describedby=\"frm_desc_field_ulcgx32\"\/>\r\n    <label for=\"field_ulcgx32\" id=\"field_ulcgx32_label\" class=\"frm_primary_label\">Num\u00e9ro de t\u00e9l\u00e9phone\r\n        <span class=\"frm_required\" aria-hidden=\"true\">*<\/span>\r\n    <\/label>\r\n    <div class=\"frm_description\" id=\"frm_desc_field_ulcgx32\">Bij last minute wijzigingen zullen we je telefonisch contacteren.<\/div>\r\n    \r\n<\/div>\n<div id=\"frm_field_1232_container\" class=\"frm_form_field form-field  frm_top_container frm_first frm_two_thirds vertical_radio\">\r\n    <div  id=\"field_yu6bb32_label\" class=\"frm_primary_label\">\r\n        <span class=\"frm_required\" aria-hidden=\"true\"><\/span>\r\n    <\/div>\r\n    <div class=\"frm_opt_container\" aria-labelledby=\"field_yu6bb32_label\" role=\"group\">\t\t<div class=\"frm_checkbox\" id=\"frm_checkbox_1232-0\">\t\t\t<label  for=\"field_yu6bb32-0\">\n\t\t\t<input type=\"checkbox\" name=\"item_meta[1232][]\" id=\"field_yu6bb32-0\" value=\"Ja, ik wens me in te schrijven voor de nieuwsbrief\"  data-invmsg=\"Dit veld is ongeldig\" aria-invalid=\"false\"   \/> <span><span><\/span><span>Ja, ik wens me in te schrijven voor de nieuwsbrief<\/span><\/span><\/label><\/div>\n<\/div>\r\n    \r\n    \r\n<\/div>\n<div id=\"frm_field_1233_container\" class=\"frm_form_field form-field  frm_required_field frm_top_container frm_first frm_two_thirds vertical_radio\">\r\n    <div  id=\"field_8t5ek32_label\" class=\"frm_primary_label\">\r\n        <span class=\"frm_required\" aria-hidden=\"true\">*<\/span>\r\n    <\/div>\r\n    <div class=\"frm_opt_container\" aria-labelledby=\"field_8t5ek32_label\" role=\"group\">\t\t<div class=\"frm_checkbox\" id=\"frm_checkbox_1233-0\">\t\t\t<label  for=\"field_8t5ek32-0\">\n\t\t\t<input type=\"checkbox\" name=\"item_meta[1233][]\" id=\"field_8t5ek32-0\" value=\"I have taken notice of the &lt;a href=&quot;https:\/\/www.dp-institute.eu\/en\/privacy-statement\/&quot; target=&quot;_blank&quot; &gt;privacy statement&lt;\/a&gt; of Data Protection Institute.\"  data-reqmsg=\"Dit veld mag niet leeg zijn.\" data-invmsg=\"Dit veld is ongeldig\" aria-invalid=\"false\"   aria-required=\"true\"  \/> <span><span><\/span><span>I have taken notice of the <a href=\"https:\/\/www.dp-institute.eu\/en\/privacy-statement\/\" target=\"_blank\">privacy statement<\/a> of Data Protection Institute.<\/span><\/span><\/label><\/div>\n<\/div>\r\n    \r\n    \r\n<\/div>\n<div id=\"frm_field_1234_container\" class=\"frm_form_field form-field \">\r\n\t<div class=\"frm_submit\">\r\n\r\n<button class=\"frm_button_submit frm_final_submit\" type=\"submit\"   formnovalidate=\"formnovalidate\">Registreer<\/button>\r\n\r\n<\/div>\r\n<\/div>\n\t<input type=\"hidden\" name=\"item_key\" value=\"\" \/>\n\t\t\t\t<div class=\"frm__65397dd0ad718\">\n\t\t\t\t<label for=\"frm_email_90\" >\n\t\t\t\t\tIndien je een mens bent, laat dit veld leeg:.\t\t\t\t<\/label>\n\t\t\t\t<input  id=\"frm_email_90\" type=\"text\" class=\"frm_verify\" name=\"frm__65397dd0ad718\" value=\"\" autocomplete=\"off\"  \/>\n\t\t\t<\/div>\n\t\t<input name=\"frm_state\" type=\"hidden\" value=\"WY0OpZpx+0dHElOs5o7Q7TVaqQY1tNA85QoYLhYvBjx2T6XwL4etmbiuoFo8TtVN\" \/><\/div>\n<\/fieldset>\n<\/div>\n\n<\/form>\n<\/div>\n\n<p>&nbsp;<\/p>\n<p>*Op deze gratis proefsessie zijn specifieke voorwaarden van toepassing. Let op: bij annulering korter dan 4 weken voor aanvang of bij afwezigheid wordt een no-show fee van <b data-path-to-node=\"7,0\" data-index-in-node=\"172\">\u20ac350<\/b> in rekening gebracht. Lees onze <a href=\"https:\/\/www.dp-institute.eu\/nl\/algemene-actievoorwaarden\/\">Algemene Actievoorwaarden<\/a>.<\/p>\n<p>*DPI gaat uw gegevens gebruiken om de opleiding te organiseren (bv. inschrijvingslijsten, communicatie), wij hebben een gerechtvaardigd belang om deze gegevens voor dat doeleinde te verwerken. Wij houden deze gegevens voor proefsessies tot 1 jaar na deelname aan een sessie bij. Zie onze<a href=\"https:\/\/www.dp-institute.eu\/nl\/privacyverklaring\/\"> privacy verklaring<\/a> voor meer informatie<\/p>\n","protected":false},"excerpt":{"rendered":"<p>De\u00a0formule* Stay Tuned Politie biedt de ideale mogelijkheid om constant bij te blijven in de wereld van GDPR als politie. Deze abonnementsformule voorziet je\u00a0van een intensieve opleidingsdag, telkens met een focus op actuele, operationele en juridisch relevante politiethema\u2019s. Van nieuwe wetgeving tot technologische innovaties zoals drones, AI en digitale politiedossiers: elke editie zoomt in op [&hellip;]<\/p>\n","protected":false},"author":45,"featured_media":0,"parent":0,"menu_order":0,"comment_status":"closed","ping_status":"closed","template":"","meta":{"_acf_changed":false,"footnotes":""},"class_list":["post-18875","page","type-page","status-publish","hentry"],"acf":[],"_links":{"self":[{"href":"https:\/\/www.dp-institute.eu\/nl\/wp-json\/wp\/v2\/pages\/18875","targetHints":{"allow":["GET"]}}],"collection":[{"href":"https:\/\/www.dp-institute.eu\/nl\/wp-json\/wp\/v2\/pages"}],"about":[{"href":"https:\/\/www.dp-institute.eu\/nl\/wp-json\/wp\/v2\/types\/page"}],"author":[{"embeddable":true,"href":"https:\/\/www.dp-institute.eu\/nl\/wp-json\/wp\/v2\/users\/45"}],"replies":[{"embeddable":true,"href":"https:\/\/www.dp-institute.eu\/nl\/wp-json\/wp\/v2\/comments?post=18875"}],"version-history":[{"count":3,"href":"https:\/\/www.dp-institute.eu\/nl\/wp-json\/wp\/v2\/pages\/18875\/revisions"}],"predecessor-version":[{"id":19915,"href":"https:\/\/www.dp-institute.eu\/nl\/wp-json\/wp\/v2\/pages\/18875\/revisions\/19915"}],"wp:attachment":[{"href":"https:\/\/www.dp-institute.eu\/nl\/wp-json\/wp\/v2\/media?parent=18875"}],"curies":[{"name":"wp","href":"https:\/\/api.w.org\/{rel}","templated":true}]}}