
{"id":19529,"date":"2026-02-06T09:45:39","date_gmt":"2026-02-06T08:45:39","guid":{"rendered":"https:\/\/www.dp-institute.eu\/?page_id=19529"},"modified":"2026-03-04T08:55:48","modified_gmt":"2026-03-04T07:55:48","slug":"sinscrire-aux-workshops-stay-tuned","status":"publish","type":"page","link":"https:\/\/www.dp-institute.eu\/fr\/sinscrire-aux-workshops-stay-tuned\/","title":{"rendered":"S&rsquo;inscrire aux workshops Stay Tuned"},"content":{"rendered":"<p>En 2026, nous \u00e9largirons Stay Tuned avec un nouveau format : <strong>Stay Tuned Workshops<\/strong>.<br \/>\nEn tant que membre Stay Tuned, vous aurez la possibilit\u00e9 de suivre <strong>deux journ\u00e9es de formation intensive suppl\u00e9mentaires<\/strong>, ax\u00e9es sur la pratique, l&rsquo;interaction et l&rsquo;applicabilit\u00e9.<\/p>\n<p>Au cours de chaque atelier, vous serez accompagn\u00e9 pendant une journ\u00e9e enti\u00e8re autour de cas pratiques concrets, avec beaucoup d&rsquo;espace pour le partage des connaissances et les \u00e9changes pratiques.<\/p>\n<h2 data-start=\"542\" data-end=\"565\">Workshops pr\u00e9vus :<\/h2>\n<ul>\n<li data-start=\"568\" data-end=\"654\"><strong>Traitements RH <\/strong>par <a href=\"https:\/\/www.dp-institute.eu\/fr\/nos-professeurs\/nicolas-roland\/\">Nicolas Roland<\/a><strong><br \/>\n<\/strong><strong data-start=\"604\" data-end=\"615\">Date : <\/strong>2 juillet 2026,<strong data-start=\"604\" data-end=\"615\"><strong data-start=\"604\" data-end=\"615\"><strong data-start=\"604\" data-end=\"615\"><strong data-start=\"604\" data-end=\"615\"><br \/>\nLieu : Park Inn by Radisson Brussels Airport<\/strong><\/strong><\/strong><\/strong>&nbsp;<\/p>\n<p>Au cours de l&rsquo;atelier Stay Tuned consacr\u00e9 aux ressources humaines, Nicolas Roland pose aux participants des questions concr\u00e8tes sur le traitement des donn\u00e9es du personnel. L&rsquo;accent est mis sur des cas pratiques \u00e0 partir desquels les participants formulent le point de vue du DPD. Les diff\u00e9rents points de vue et solutions sont ensuite discut\u00e9s en groupe, en interaction avec notre experte en la mati\u00e8re, Isabel Plets, et sous sa supervision. Vous obtenez ainsi des informations claires que vous pouvez imm\u00e9diatement appliquer dans le cadre de vos activit\u00e9s RH.<\/li>\n<\/ul>\n<ul>\n<li data-start=\"657\" data-end=\"762\"><strong>Traitements marketing<\/strong> par: <strong>\u00e0 d\u00e9terminer<\/strong>,<br \/>\n<strong>Date <\/strong>: 29 octobre 2026<br \/>\n<strong data-start=\"702\" data-end=\"728\"><strong data-start=\"702\" data-end=\"728\"><strong data-start=\"702\" data-end=\"728\"><strong data-start=\"702\" data-end=\"728\">Lieu <\/strong>: \u00e0 d\u00e9terminer<\/strong><\/strong><\/strong>&nbsp;<\/p>\n<p>Au cours de l&rsquo;atelier Stay Tuned sur le marketing, nous nous pencherons sur des cas concrets li\u00e9s au marketing et \u00e0 la confidentialit\u00e9 que vous pourrez imm\u00e9diatement appliquer dans votre propre organisation. L&rsquo;accent sera mis sur la pratique : d\u00e9monstrations en direct, exercices et listes de contr\u00f4le claires qui vous aideront vraiment en tant que DPD ou sp\u00e9cialiste du marketing. Ne vous attendez pas \u00e0 de la th\u00e9orie pour la th\u00e9orie, mais \u00e0 des informations concr\u00e8tes sur le suivi, le partage des donn\u00e9es, la transparence et l&rsquo;IA. Vous repartirez avec des outils, des exemples et des r\u00e9ponses que vous pourrez utiliser d\u00e8s le lendemain.<\/li>\n<\/ul>\n<p data-start=\"764\" data-end=\"852\">Le nombre de places par atelier est limit\u00e9. <strong>L&rsquo;inscription pr\u00e9alable est obligatoire<\/strong>. Vous pouvez vous inscrire aux deux ateliers.<\/p>\n<h3 data-start=\"854\" data-end=\"912\">Remplissez le formulaire ci-dessous pour r\u00e9server votre place.<\/h3>\n<p><script src=\"https:\/\/js-eu1.hsforms.net\/forms\/embed\/developer\/147052470.js\" defer><\/script><\/p>\n<div class=\"hs-form-html\" data-region=\"eu1\" data-form-id=\"c59f7e12-6235-4763-ba2f-29dcfbbca32e\" data-portal-id=\"147052470\"><\/div>\n","protected":false},"excerpt":{"rendered":"<p>En 2026, nous \u00e9largirons Stay Tuned avec un nouveau format : Stay Tuned Workshops. En tant que membre Stay Tuned, vous aurez la possibilit\u00e9 de suivre deux journ\u00e9es de formation intensive suppl\u00e9mentaires, ax\u00e9es sur la pratique, l&rsquo;interaction et l&rsquo;applicabilit\u00e9. Au cours de chaque atelier, vous serez accompagn\u00e9 pendant une journ\u00e9e enti\u00e8re autour de cas pratiques [&hellip;]<\/p>\n","protected":false},"author":45,"featured_media":0,"parent":0,"menu_order":0,"comment_status":"closed","ping_status":"closed","template":"","meta":{"_acf_changed":false,"footnotes":""},"class_list":["post-19529","page","type-page","status-publish","hentry"],"acf":[],"_links":{"self":[{"href":"https:\/\/www.dp-institute.eu\/fr\/wp-json\/wp\/v2\/pages\/19529","targetHints":{"allow":["GET"]}}],"collection":[{"href":"https:\/\/www.dp-institute.eu\/fr\/wp-json\/wp\/v2\/pages"}],"about":[{"href":"https:\/\/www.dp-institute.eu\/fr\/wp-json\/wp\/v2\/types\/page"}],"author":[{"embeddable":true,"href":"https:\/\/www.dp-institute.eu\/fr\/wp-json\/wp\/v2\/users\/45"}],"replies":[{"embeddable":true,"href":"https:\/\/www.dp-institute.eu\/fr\/wp-json\/wp\/v2\/comments?post=19529"}],"version-history":[{"count":13,"href":"https:\/\/www.dp-institute.eu\/fr\/wp-json\/wp\/v2\/pages\/19529\/revisions"}],"predecessor-version":[{"id":19700,"href":"https:\/\/www.dp-institute.eu\/fr\/wp-json\/wp\/v2\/pages\/19529\/revisions\/19700"}],"wp:attachment":[{"href":"https:\/\/www.dp-institute.eu\/fr\/wp-json\/wp\/v2\/media?parent=19529"}],"curies":[{"name":"wp","href":"https:\/\/api.w.org\/{rel}","templated":true}]}}