
{"id":16566,"date":"2025-02-13T19:04:44","date_gmt":"2025-02-13T18:04:44","guid":{"rendered":"https:\/\/www.dp-institute.eu\/?page_id=16566"},"modified":"2025-02-19T16:29:16","modified_gmt":"2025-02-19T15:29:16","slug":"reservez-votre-formation-aux-tarifs-2024","status":"publish","type":"page","link":"https:\/\/www.dp-institute.eu\/fr\/reservez-votre-formation-aux-tarifs-2024\/","title":{"rendered":"R\u00e9servez votre formation aux tarifs 2024 !"},"content":{"rendered":"<p data-start=\"764\" data-end=\"999\">\u00c0 partir du 1er mars 2025, nous ajusterons nos tarifs.<\/p>\n<p data-start=\"764\" data-end=\"999\">Ces derni\u00e8res ann\u00e9es, nos prix sont rest\u00e9s inchang\u00e9s, mais pour continuer \u00e0 am\u00e9liorer et \u00e0 renouveler nos formations, une augmentation des tarifs sera mise en place en mars 2025.<\/p>\n<p data-start=\"1001\" data-end=\"1129\">Cet ajustement nous permettra de d\u00e9velopper davantage la qualit\u00e9 de notre offre et de vous proposer les meilleures formations.<\/p>\n<p data-start=\"1131\" data-end=\"1241\"><strong data-start=\"1131\" data-end=\"1239\">Vous souhaitez encore profiter du tarif actuel ? Passez votre commande au plus tard le 28 f\u00e9vrier 2025 !<\/strong><\/p>\n<p data-start=\"1243\" data-end=\"1264\">Quelques exemples :<\/p>\n<ul data-start=\"1265\" data-end=\"1469\">\n<li data-start=\"1265\" data-end=\"1330\"><strong data-start=\"1267\" data-end=\"1303\">Formation de certification DPO :<\/strong> 2995 \u20ac au lieu de 3395 \u20ac<\/li>\n<li data-start=\"1331\" data-end=\"1399\"><strong data-start=\"1333\" data-end=\"1372\">Forfait Stay Tuned Bronze Private :<\/strong> 1940 \u20ac au lieu de 2215 \u20ac<\/li>\n<li data-start=\"1400\" data-end=\"1469\"><strong data-start=\"1402\" data-end=\"1442\">Certification Security Leader CISO :<\/strong> 8695 \u20ac au lieu de 9395 \u20ac<\/li>\n<\/ul>\n<h4 style=\"text-align: center;\" data-start=\"1471\" data-end=\"1554\">Les nouveaux tarifs (en Eur, excl. TVA), valables \u00e0 partir du 1er mars<\/h4>\n<p data-start=\"2065\" data-end=\"2149\"><img loading=\"lazy\" decoding=\"async\" class=\"aligncenter wp-image-16606 size-full\" src=\"https:\/\/www.dp-institute.eu\/wp-content\/uploads\/2025\/02\/PRIX2025-2.png\" alt=\"\" width=\"532\" height=\"657\" srcset=\"https:\/\/www.dp-institute.eu\/wp-content\/uploads\/2025\/02\/PRIX2025-2.png 532w, https:\/\/www.dp-institute.eu\/wp-content\/uploads\/2025\/02\/PRIX2025-2-243x300.png 243w\" sizes=\"auto, (max-width: 532px) 100vw, 532px\" \/><\/p>\n","protected":false},"excerpt":{"rendered":"<p>\u00c0 partir du 1er mars 2025, nous ajusterons nos tarifs. Ces derni\u00e8res ann\u00e9es, nos prix sont rest\u00e9s inchang\u00e9s, mais pour continuer \u00e0 am\u00e9liorer et \u00e0 renouveler nos formations, une augmentation des tarifs sera mise en place en mars 2025. Cet ajustement nous permettra de d\u00e9velopper davantage la qualit\u00e9 de notre offre et de vous proposer [&hellip;]<\/p>\n","protected":false},"author":30,"featured_media":0,"parent":0,"menu_order":0,"comment_status":"closed","ping_status":"closed","template":"","meta":{"_acf_changed":false,"footnotes":""},"class_list":["post-16566","page","type-page","status-publish","hentry"],"acf":[],"_links":{"self":[{"href":"https:\/\/www.dp-institute.eu\/fr\/wp-json\/wp\/v2\/pages\/16566","targetHints":{"allow":["GET"]}}],"collection":[{"href":"https:\/\/www.dp-institute.eu\/fr\/wp-json\/wp\/v2\/pages"}],"about":[{"href":"https:\/\/www.dp-institute.eu\/fr\/wp-json\/wp\/v2\/types\/page"}],"author":[{"embeddable":true,"href":"https:\/\/www.dp-institute.eu\/fr\/wp-json\/wp\/v2\/users\/30"}],"replies":[{"embeddable":true,"href":"https:\/\/www.dp-institute.eu\/fr\/wp-json\/wp\/v2\/comments?post=16566"}],"version-history":[{"count":13,"href":"https:\/\/www.dp-institute.eu\/fr\/wp-json\/wp\/v2\/pages\/16566\/revisions"}],"predecessor-version":[{"id":16687,"href":"https:\/\/www.dp-institute.eu\/fr\/wp-json\/wp\/v2\/pages\/16566\/revisions\/16687"}],"wp:attachment":[{"href":"https:\/\/www.dp-institute.eu\/fr\/wp-json\/wp\/v2\/media?parent=16566"}],"curies":[{"name":"wp","href":"https:\/\/api.w.org\/{rel}","templated":true}]}}