
{"id":16059,"date":"2024-11-29T11:56:31","date_gmt":"2024-11-29T10:56:31","guid":{"rendered":"https:\/\/www.dp-institute.eu\/?page_id=16059"},"modified":"2026-03-26T16:22:43","modified_gmt":"2026-03-26T15:22:43","slug":"reservez-une-session-dessai-stay-tuned-as-dpo","status":"publish","type":"page","link":"https:\/\/www.dp-institute.eu\/fr\/reservez-une-session-dessai-stay-tuned-as-dpo\/","title":{"rendered":"R\u00e9servez une session d&rsquo;essai Stay Tuned as DPO"},"content":{"rendered":"<p>La formule <em>Stay Tuned<\/em>, destin\u00e9e aux DPO ou aux professionnels de la protection de la vie priv\u00e9e, offre l&rsquo;opportunit\u00e9 id\u00e9ale de rester constamment \u00e0 jour dans le domaine du RGPD. Chaque trimestre, nous organisons, \u00e0 divers endroits, une journ\u00e9e compl\u00e8te consacr\u00e9e \u00e0 des sujets passionnants. Avec cette formule d\u2019abonnement, vous b\u00e9n\u00e9ficiez ainsi de 4 journ\u00e9es de formation par an. Chaque journ\u00e9e est anim\u00e9e par deux intervenants qui abordent l&rsquo;actualit\u00e9 du RGPD selon leur propre perspective. Chaque intervenant est un expert de haut niveau dans son domaine.<\/p>\n<p>Le matin, nous adoptons une perspective juridique pour examiner ce qui s&rsquo;est pass\u00e9 au cours des trois derniers mois en mati\u00e8re de RGPD et nous nous concentrons sur certains aspects juridiques actualis\u00e9s de la l\u00e9gislation.<\/p>\n<p>L&rsquo;apr\u00e8s-midi, l&rsquo;accent est mis sur l\u2019impl\u00e9mentation pratique et la gestion de la protection des donn\u00e9es au sein des organisations, en int\u00e9grant \u00e9galement les tendances techniques et les nouveaut\u00e9s.<\/p>\n<p>Cette approche vous offre une opportunit\u00e9 unique de maintenir \u00e0 jour vos connaissances techniques, organisationnelles et juridiques. En plus de l\u2019aspect th\u00e9orique, un volet pratique est syst\u00e9matiquement pr\u00e9vu.<\/p>\n<p>En r\u00e9partissant les mises \u00e0 jour sur 4 sessions par an, dans diff\u00e9rentes localit\u00e9s {Gand (NL), Elewijt (NL), Berchem (NL), Nivelles (FR), Bruxelles (FR)}, vous avez la possibilit\u00e9 de suivre ces mises \u00e0 jour \u00e0 l\u2019endroit, au moment et dans la langue qui vous conviennent le mieux.<\/p>\n<p>Envie d&rsquo;essayer une session ? Vous pouvez vous inscrire pour une journ\u00e9e d\u2019essai.<\/p>\n<p>Indiquez-nous le lieu qui vous convient le mieux pour participer.<\/p>\n<div class=\"frm_forms  with_frm_style frm_style_formidable-style\" id=\"frm_form_81_container\" >\n<form enctype=\"multipart\/form-data\" method=\"post\" class=\"frm-show-form  frm_ajax_submit  frm_pro_form \" id=\"form_registratieformulier-staytunedasdpo3\" >\n<div class=\"frm_form_fields \">\n<fieldset>\n<legend class=\"frm_hidden\">Formulaire d'inscription Privacy Caf\u00e9 2 mars 2023<\/legend>\r\n\r\n<div class=\"frm_fields_container\">\n<input type=\"hidden\" name=\"frm_action\" value=\"create\" \/>\n<input type=\"hidden\" name=\"form_id\" value=\"81\" \/>\n<input type=\"hidden\" name=\"frm_hide_fields_81\" id=\"frm_hide_fields_81\" value=\"\" \/>\n<input type=\"hidden\" name=\"form_key\" value=\"registratieformulier-staytunedasdpo3\" \/>\n<input type=\"hidden\" name=\"item_meta[0]\" value=\"\" \/>\n<input type=\"hidden\" id=\"frm_submit_entry_81\" name=\"frm_submit_entry_81\" value=\"a232af6fb8\" \/><input type=\"hidden\" name=\"_wp_http_referer\" value=\"\/fr\/wp-json\/wp\/v2\/pages\/16059\" \/>\t\t<input  type=\"hidden\" name=\"item_meta[1050]\" id=\"field_3iqft4\" value=\"\"  data-invmsg=\"HubSpot est non valide\"   \/>\n\t\t\t\t<input  type=\"hidden\" name=\"item_meta[1051]\" id=\"field_9cxk84\" value=\"\"  data-invmsg=\"HubSpot est non valide\"   \/>\n\t\t\t\t<input  type=\"hidden\" name=\"item_meta[1052]\" id=\"field_team4\" value=\"DPI\"  data-frmval=\"DPI\"   \/>\n\t\t\t\t<input  type=\"hidden\" name=\"item_meta[1053]\" id=\"field_wpbet4\" value=\"\"  data-invmsg=\"HubSpot est non valide\"   \/>\n\t\t\t\t<input  type=\"hidden\" name=\"item_meta[1054]\" id=\"field_gonai4\" value=\"\"  data-invmsg=\"HubSpot est non valide\"   \/>\n\t\t\t\t<input  type=\"hidden\" name=\"item_meta[1055]\" id=\"field_kwatt4\" value=\"DPI Newsletter\"  data-frmval=\"DPI Newsletter\"   \/>\n\t\t\t\t<input  type=\"hidden\" name=\"item_meta[1056]\" id=\"field_to6t74\" value=\"\"  data-invmsg=\"HubSpot est non valide\"   \/>\n\t\t\t\t<input  type=\"hidden\" name=\"item_meta[1057]\" id=\"field_tzlok4\" value=\"\"  data-invmsg=\"HubSpot est non valide\"   \/>\n\t\t\t\t<input  type=\"hidden\" name=\"item_meta[1058]\" id=\"field_7lv1r4\" value=\"\"  data-invmsg=\"HubSpot est non valide\"   \/>\n\t\t\t\t<input  type=\"hidden\" name=\"item_meta[1059]\" id=\"field_gktgy4\" value=\"\"  data-invmsg=\"HubSpot est non valide\"   \/>\n\t\t\t\t<input  type=\"hidden\" name=\"item_meta[1060]\" id=\"field_249l44\" value=\"\"  data-invmsg=\"HubSpot est non valide\"   \/>\n\t\t\t\t<input  type=\"hidden\" name=\"item_meta[1061]\" id=\"field_kg8me4\" value=\"\"  data-invmsg=\"HubSpot est non valide\"   \/>\n\t\t\t\t<input  type=\"hidden\" name=\"item_meta[1062]\" id=\"field_194gf4\" value=\"Fran\u00e7ais\"  data-frmval=\"Fran\u00e7ais\"   \/>\n\t\t<div id=\"frm_field_1063_container\" class=\"frm_form_field form-field  frm_required_field frm_top_container frm6 frm_first\">\r\n<input  type=\"text\" id=\"field_o69jd32\" name=\"item_meta[1063]\" value=\"\"  placeholder=\"Prenom\" data-reqmsg=\"Ce champ ne peut pas \u00eatre vide\" aria-required=\"true\" data-invmsg=\"Name is ongeldig\" aria-invalid=\"false\"   \/>\r\n    <label for=\"field_o69jd32\" class=\"frm_primary_label\">Prenom\r\n        <span class=\"frm_required\">*<\/span>\r\n    <\/label>\r\n    \r\n    \r\n<\/div>\n<div id=\"frm_field_1064_container\" class=\"frm_form_field form-field  frm_required_field frm_top_container frm6\">\r\n    <input  type=\"text\" id=\"field_l3dkc32\" name=\"item_meta[1064]\" value=\"\"  placeholder=\"Nom\" data-reqmsg=\"Ce champ ne peut pas \u00eatre vide\" aria-required=\"true\" data-invmsg=\"Last Name is ongeldig\" aria-invalid=\"false\"   \/>\r\n    <label for=\"field_l3dkc32\" class=\"frm_primary_label\">Nom\r\n        <span class=\"frm_required\">*<\/span>\r\n    <\/label>\r\n    \r\n    \r\n<\/div>\n<div id=\"frm_field_1065_container\" class=\"frm_form_field form-field  frm_required_field frm_top_container frm_first frm_full\">\r\n    <input  type=\"text\" id=\"field_xyrs932\" name=\"item_meta[1065]\" value=\"\"  placeholder=\"organisation\/ Entreprise\" data-reqmsg=\"Ce champ ne peut pas \u00eatre vide\" aria-required=\"true\" data-invmsg=\"Username is ongeldig\" aria-invalid=\"false\"   \/>\r\n    <label for=\"field_xyrs932\" class=\"frm_primary_label\">organisation\r\n        <span class=\"frm_required\">*<\/span>\r\n    <\/label>\r\n    \r\n    \r\n<\/div>\n<div id=\"frm_field_1066_container\" class=\"frm_form_field form-field  frm_required_field frm_top_container frm_first frm_half\">\r\n    <input type=\"email\" id=\"field_ib8eb4\" name=\"item_meta[1066]\" value=\"\"  placeholder=\"Adresse e-mail\" data-reqmsg=\"Ce champ ne peut pas \u00eatre vide\" aria-required=\"true\" data-invmsg=\"Adresse e-mail invalide.\" aria-invalid=\"false\"  \/>\r\n    <label for=\"field_ib8eb4\" id=\"field_ib8eb4_label\" class=\"frm_primary_label\">Adresse e-mail\r\n        <span class=\"frm_required\" aria-hidden=\"true\">*<\/span>\r\n    <\/label>\r\n    \r\n    \r\n<\/div>\n<div id=\"frm_field_1067_container\" class=\"frm_form_field form-field  frm_required_field frm_top_container frm_half\">\r\n    <input type=\"tel\" id=\"field_ulcgx4\" name=\"item_meta[1067]\" value=\"\"  placeholder=\"Tel\" data-reqmsg=\"Ce champ ne peut pas \u00eatre vide\" aria-required=\"true\" data-invmsg=\"T\u00e9l\u00e9phone invalide.\" aria-invalid=\"false\" pattern=\"((\\+\\d{1,3}(-|.| )?\\(?\\d\\)?(-| |.)?\\d{1,5})|(\\(?\\d{2,6}\\)?))(-|.| )?(\\d{3,4})(-|.| )?(\\d{4})(( x| ext)\\d{1,5}){0,1}$\"   aria-describedby=\"frm_desc_field_ulcgx4\"\/>\r\n    <label for=\"field_ulcgx4\" id=\"field_ulcgx4_label\" class=\"frm_primary_label\">Tel\r\n        <span class=\"frm_required\" aria-hidden=\"true\">*<\/span>\r\n    <\/label>\r\n    <div class=\"frm_description\" id=\"frm_desc_field_ulcgx4\">En cas de changements de derni\u00e8re minute, nous te contacterons par t\u00e9l\u00e9phone<\/div>\r\n    \r\n<\/div>\n<div id=\"frm_field_1068_container\" class=\"frm_form_field form-field  frm_top_container frm_first frm_two_thirds vertical_radio\">\r\n    <div  id=\"field_yu6bb4_label\" class=\"frm_primary_label\">\r\n        <span class=\"frm_required\" aria-hidden=\"true\"><\/span>\r\n    <\/div>\r\n    <div class=\"frm_opt_container\" aria-labelledby=\"field_yu6bb4_label\" role=\"group\">\t\t<div class=\"frm_checkbox\" id=\"frm_checkbox_1068-0\">\t\t\t<label  for=\"field_yu6bb4-0\">\n\t\t\t<input type=\"checkbox\" name=\"item_meta[1068][]\" id=\"field_yu6bb4-0\" value=\"Oui, je souhaite m&#039;inscrire \u00e0 la newsletter\"  data-invmsg=\"Ce champ est non valide\" aria-invalid=\"false\"   \/> <span><span><\/span><span>Oui, je souhaite m'inscrire \u00e0 la newsletter<\/span><\/span><\/label><\/div>\n<\/div>\r\n    \r\n    \r\n<\/div>\n<div id=\"frm_field_1069_container\" class=\"frm_form_field form-field  frm_required_field frm_top_container frm_first frm_two_thirds vertical_radio\">\r\n    <div  id=\"field_8t5ek4_label\" class=\"frm_primary_label\">\r\n        <span class=\"frm_required\" aria-hidden=\"true\">*<\/span>\r\n    <\/div>\r\n    <div class=\"frm_opt_container\" aria-labelledby=\"field_8t5ek4_label\" role=\"group\">\t\t<div class=\"frm_checkbox\" id=\"frm_checkbox_1069-0\">\t\t\t<label  for=\"field_8t5ek4-0\">\n\t\t\t<input type=\"checkbox\" name=\"item_meta[1069][]\" id=\"field_8t5ek4-0\" value=\"J&#039;ai pris connaissance de la &lt;a href=&quot;https:\/\/www.dp-institute.eu\/fr\/declaration-de-protection-de-donnees\/&quot; target=&quot;_blank&quot;&gt;declaration de protection de donnees&lt;\/a&gt; de Data Protection Institute.\"  data-reqmsg=\"Ce champ ne peut pas \u00eatre vide\" data-invmsg=\"Ce champ est non valide\" aria-invalid=\"false\"   aria-required=\"true\"  \/> <span><span><\/span><span>J'ai pris connaissance de la <a href=\"https:\/\/www.dp-institute.eu\/fr\/declaration-de-protection-de-donnees\/\" target=\"_blank\">declaration de protection de donnees<\/a> de Data Protection Institute.<\/span><\/span><\/label><\/div>\n<\/div>\r\n    \r\n    \r\n<\/div>\n<div id=\"frm_field_1070_container\" class=\"frm_form_field form-field \">\r\n\t<div class=\"frm_submit\">\r\n\r\n<button class=\"frm_button_submit frm_final_submit\" type=\"submit\"   formnovalidate=\"formnovalidate\">Registreer<\/button>\r\n\r\n<\/div>\r\n<\/div>\n\t<input type=\"hidden\" name=\"item_key\" value=\"\" \/>\n\t\t\t\t<div class=\"frm__65397dd0ad718\">\n\t\t\t\t<label for=\"frm_email_81\" >\n\t\t\t\t\tSi vous \u00eates un humain, ne remplissez pas ce champ.\t\t\t\t<\/label>\n\t\t\t\t<input  id=\"frm_email_81\" type=\"text\" class=\"frm_verify\" name=\"frm__65397dd0ad718\" value=\"\" autocomplete=\"off\"  \/>\n\t\t\t<\/div>\n\t\t<input name=\"frm_state\" type=\"hidden\" value=\"WY0OpZpx+0dHElOs5o7Q7VPmJaVAFjKdLCJG3iDif8x2T6XwL4etmbiuoFo8TtVN\" \/><\/div>\n<\/fieldset>\n<\/div>\n\n<\/form>\n<\/div>\n\n<p>*Cette s\u00e9ance d&rsquo;essai gratuite est soumise \u00e0 des conditions sp\u00e9cifiques. Attention : en cas d&rsquo;annulation moins de 4 semaines avant le d\u00e9but de la s\u00e9ance ou en cas d&rsquo;absence, des frais de non-pr\u00e9sentation de 350 \u20ac seront factur\u00e9s. Veuillez consulter nos <a href=\"https:\/\/www.dp-institute.eu\/fr\/conditions-generales-de-promotion\/\">Conditions g\u00e9n\u00e9rales de promotion<\/a>.<\/p>\n","protected":false},"excerpt":{"rendered":"<p>La formule Stay Tuned, destin\u00e9e aux DPO ou aux professionnels de la protection de la vie priv\u00e9e, offre l&rsquo;opportunit\u00e9 id\u00e9ale de rester constamment \u00e0 jour dans le domaine du RGPD. Chaque trimestre, nous organisons, \u00e0 divers endroits, une journ\u00e9e compl\u00e8te consacr\u00e9e \u00e0 des sujets passionnants. Avec cette formule d\u2019abonnement, vous b\u00e9n\u00e9ficiez ainsi de 4 journ\u00e9es [&hellip;]<\/p>\n","protected":false},"author":30,"featured_media":0,"parent":0,"menu_order":0,"comment_status":"closed","ping_status":"closed","template":"","meta":{"_acf_changed":false,"footnotes":""},"class_list":["post-16059","page","type-page","status-publish","hentry"],"acf":[],"_links":{"self":[{"href":"https:\/\/www.dp-institute.eu\/fr\/wp-json\/wp\/v2\/pages\/16059","targetHints":{"allow":["GET"]}}],"collection":[{"href":"https:\/\/www.dp-institute.eu\/fr\/wp-json\/wp\/v2\/pages"}],"about":[{"href":"https:\/\/www.dp-institute.eu\/fr\/wp-json\/wp\/v2\/types\/page"}],"author":[{"embeddable":true,"href":"https:\/\/www.dp-institute.eu\/fr\/wp-json\/wp\/v2\/users\/30"}],"replies":[{"embeddable":true,"href":"https:\/\/www.dp-institute.eu\/fr\/wp-json\/wp\/v2\/comments?post=16059"}],"version-history":[{"count":5,"href":"https:\/\/www.dp-institute.eu\/fr\/wp-json\/wp\/v2\/pages\/16059\/revisions"}],"predecessor-version":[{"id":19918,"href":"https:\/\/www.dp-institute.eu\/fr\/wp-json\/wp\/v2\/pages\/16059\/revisions\/19918"}],"wp:attachment":[{"href":"https:\/\/www.dp-institute.eu\/fr\/wp-json\/wp\/v2\/media?parent=16059"}],"curies":[{"name":"wp","href":"https:\/\/api.w.org\/{rel}","templated":true}]}}