
{"id":15784,"date":"2024-10-25T15:26:28","date_gmt":"2024-10-25T13:26:28","guid":{"rendered":"https:\/\/www.dp-institute.eu\/?page_id=15784"},"modified":"2026-03-26T16:22:58","modified_gmt":"2026-03-26T15:22:58","slug":"stay-tuned-as-security-leader-freeseat","status":"publish","type":"page","link":"https:\/\/www.dp-institute.eu\/fr\/stay-tuned-as-security-leader-freeseat\/","title":{"rendered":"Stay Tuned as Security Leader programme"},"content":{"rendered":"<p>Restez inform\u00e9 en tant que Security Leader avec notre programme \u00ab\u00a0Stay Tuned as Security Leader\u00a0\u00bb<\/p>\n<p>Pour les Security Leaders et CISO, rester \u00e0 jour avec les derni\u00e8res avanc\u00e9es en s\u00e9curit\u00e9 informatique est essentiel. DPI vous propose la solution id\u00e9ale avec l\u2019abonnement \u201cStay Tuned as Security Leader\u201d.<\/p>\n<p>Cette formule vous offre quatre journ\u00e9es de formation approfondie r\u00e9parties sur l\u2019ann\u00e9e, chaque trimestre ax\u00e9es sur deux th\u00e8mes d\u2019actualit\u00e9 en s\u00e9curit\u00e9 informatique.<\/p>\n<p>Les sessions \u201cStay Tuned\u201d sont anim\u00e9es par des formateurs experts, s\u00e9lectionn\u00e9s pour leur expertise et leurs comp\u00e9tences p\u00e9dagogiques. Pendant ces sessions, vous aurez l&rsquo;opportunit\u00e9 d&rsquo;\u00e9largir vos connaissances et de d\u00e9velopper des comp\u00e9tences pratiques.<\/p>\n<p>Envie de d\u00e9couvrir le programme <a href=\"https:\/\/www.dp-institute.eu\/fr\/formation\/stay-tuned-as-ciso\/\">Stay Tuned<\/a>? Inscrivez-vous pour un *si\u00e8ge gratuit<\/p>\n<div class=\"frm_forms  with_frm_style frm_style_formidable-style\" id=\"frm_form_65_container\" data-token=\"c77b3c66f5f0d7fa8ec4a75e882df04b\">\n<form enctype=\"multipart\/form-data\" method=\"post\" class=\"frm-show-form  frm_pro_form \" id=\"form_inschrijving-stay-tuned-as-ciso2\" data-token=\"c77b3c66f5f0d7fa8ec4a75e882df04b\">\n<div class=\"frm_form_fields \">\n<fieldset>\n<legend class=\"frm_screen_reader\">Inschrijving Stay Tuned As CISO<\/legend>\r\n\r\n<div class=\"frm_fields_container\">\n<input type=\"hidden\" name=\"frm_action\" value=\"create\" \/>\n<input type=\"hidden\" name=\"form_id\" value=\"65\" \/>\n<input type=\"hidden\" name=\"frm_hide_fields_65\" id=\"frm_hide_fields_65\" value=\"\" \/>\n<input type=\"hidden\" name=\"form_key\" value=\"inschrijving-stay-tuned-as-ciso2\" \/>\n<input type=\"hidden\" name=\"item_meta[0]\" value=\"\" \/>\n<input type=\"hidden\" id=\"frm_submit_entry_65\" name=\"frm_submit_entry_65\" value=\"37cc06c070\" \/><input type=\"hidden\" name=\"_wp_http_referer\" value=\"\/fr\/wp-json\/wp\/v2\/pages\/15784\" \/><div id=\"frm_field_845_container\" class=\"frm_form_field form-field  frm_top_container\">\r\n    <div  id=\"field_81l68_label\" class=\"frm_primary_label\">Nom\r\n        <span class=\"frm_required\" aria-hidden=\"true\"><\/span>\r\n    <\/div>\r\n    <fieldset aria-labelledby=\"field_81l68_label\">\n\t<legend class=\"frm_screen_reader frm_hidden\">\n\t\tNom\t<\/legend>\n\n\t<div  class=\"frm_combo_inputs_container\" id=\"frm_combo_inputs_container_845\" data-name-layout=\"first_last\">\n\t\t\t\t\t<div\n\t\t\t\tid=\"frm_field_845-first_container\"\n\t\t\t\tclass=\"frm_form_field form-field frm_form_subfield-first  frm6\"\n\t\t\t\tdata-sub-field-name=\"first\"\n\t\t\t>\n\t\t\t\t<label for=\"field_81l68_first\" class=\"frm_screen_reader frm_hidden\">\n\t\t\t\t\tPr\u00e9nom\t\t\t\t<\/label>\n\n\t\t\t\t\t\t\t\t\t\t<input\n\t\t\t\t\t\t\ttype=\"text\"\n\t\t\t\t\t\t\tid=\"field_81l68_first\"\n\t\t\t\t\t\t\tvalue=\"\"\n\t\t\t\t\t\t\tname=\"item_meta[845][first]\"  data-invmsg=\"Nom est non valide\" aria-invalid=\"false\"  \t\t\t\t\t\t\/>\n\t\t\t\t\t\t<div class=\"frm_description\" id=\"frm_field_845_first_desc\">Pr\u00e9nom<\/div>\t\t\t<\/div>\n\t\t\t\t\t\t<div\n\t\t\t\tid=\"frm_field_845-last_container\"\n\t\t\t\tclass=\"frm_form_field form-field frm_form_subfield-last  frm6\"\n\t\t\t\tdata-sub-field-name=\"last\"\n\t\t\t>\n\t\t\t\t<label for=\"field_81l68_last\" class=\"frm_screen_reader frm_hidden\">\n\t\t\t\t\tNom\t\t\t\t<\/label>\n\n\t\t\t\t\t\t\t\t\t\t<input\n\t\t\t\t\t\t\ttype=\"text\"\n\t\t\t\t\t\t\tid=\"field_81l68_last\"\n\t\t\t\t\t\t\tvalue=\"\"\n\t\t\t\t\t\t\tname=\"item_meta[845][last]\"  data-invmsg=\"Nom est non valide\" aria-invalid=\"false\"  \t\t\t\t\t\t\/>\n\t\t\t\t\t\t<div class=\"frm_description\" id=\"frm_field_845_last_desc\">Nom<\/div>\t\t\t<\/div>\n\t\t\t\t<\/div>\n<\/fieldset>\n\r\n    \r\n    \r\n<\/div>\n<div id=\"frm_field_846_container\" class=\"frm_form_field form-field  frm_top_container\">\r\n    <label for=\"field_kdzvx\" id=\"field_kdzvx_label\" class=\"frm_primary_label\">Adresse e-mail\r\n        <span class=\"frm_required\" aria-hidden=\"true\"><\/span>\r\n    <\/label>\r\n    <input type=\"email\" id=\"field_kdzvx\" name=\"item_meta[846]\" value=\"\"  autocomplete=\"email\"  data-invmsg=\"E-mail is ongeldig\" aria-invalid=\"false\"  \/>\r\n    \r\n    \r\n<\/div>\n<div id=\"frm_field_1001_container\" class=\"frm_form_field form-field  frm_top_container\">\r\n\t<label for=\"field_7xsec\" id=\"field_7xsec_label\" class=\"frm_primary_label\">Tel.\r\n\t\t<span class=\"frm_required\" aria-hidden=\"true\"><\/span>\r\n\t<\/label>\r\n\t<input type=\"tel\" id=\"field_7xsec\" name=\"item_meta[1001]\" value=\"\"  data-invmsg=\"Tel. is ongeldig\" aria-invalid=\"false\" pattern=\"((\\+\\d{1,3}(-|.| )?\\(?\\d\\)?(-| |.)?\\d{1,5})|(\\(?\\d{2,6}\\)?))(-|.| )?(\\d{3,4})(-|.| )?(\\d{4})(( x| ext)\\d{1,5}){0,1}$\"  \/>\r\n\t\r\n\t\r\n<\/div>\n<div id=\"frm_field_1143_container\" class=\"frm_form_field form-field  frm_top_container\">\n\t<label for=\"field_m6pyq\" id=\"field_m6pyq_label\" class=\"frm_primary_label\">Reference Code\n\t\t<span class=\"frm_required\" aria-hidden=\"true\"><\/span>\n\t<\/label>\n\t<input  type=\"text\" id=\"field_m6pyq\" name=\"item_meta[1143]\" value=\"\"  data-invmsg=\"Reference Code is ongeldig\" aria-invalid=\"false\"   \/>\n\t\n\t\n<\/div>\n<div id=\"frm_field_928_container\" class=\"frm_form_field form-field \">\r\n\t<div class=\"frm_submit frm_flex\">\r\n<button class=\"frm_button_submit frm_final_submit\" type=\"submit\"   formnovalidate=\"formnovalidate\">Envoyer<\/button>\r\n\r\n\r\n\r\n<\/div>\r\n<\/div>\n\t<input type=\"hidden\" name=\"item_key\" value=\"\" \/>\n\t\t\t\t<div class=\"frm__65397dd0ad718\">\n\t\t\t\t<label for=\"frm_email_65\" >\n\t\t\t\t\tSi vous \u00eates un humain, ne remplissez pas ce champ.\t\t\t\t<\/label>\n\t\t\t\t<input  id=\"frm_email_65\" type=\"text\" class=\"frm_verify\" name=\"frm__65397dd0ad718\" value=\"\" autocomplete=\"off\"  \/>\n\t\t\t<\/div>\n\t\t<input name=\"frm_state\" type=\"hidden\" value=\"WY0OpZpx+0dHElOs5o7Q7Tn7ggfiFIqCwUesy0P9\/tB2T6XwL4etmbiuoFo8TtVN\" \/><\/div>\n<\/fieldset>\n<\/div>\n\n<\/form>\n<\/div>\n\n<p>&nbsp;<\/p>\n<p>&nbsp;<\/p>\n<p>&nbsp;<\/p>\n<p>&nbsp;<\/p>\n<p>&nbsp;<\/p>\n<p>*Cette s\u00e9ance d&rsquo;essai gratuite est soumise \u00e0 des conditions sp\u00e9cifiques. Attention : en cas d&rsquo;annulation moins de 4 semaines avant le d\u00e9but de la s\u00e9ance ou en cas d&rsquo;absence, des frais de non-pr\u00e9sentation de 350 \u20ac seront factur\u00e9s. Veuillez consulter nos <a href=\"https:\/\/www.dp-institute.eu\/fr\/conditions-generales-de-promotion\/\">Conditions g\u00e9n\u00e9rales de promotion<\/a>.<\/p>\n<p><em>*Offre r\u00e9serv\u00e9e aux nouveaux participants au programme Stay Tuned as Security Leader.<\/em><\/p>\n","protected":false},"excerpt":{"rendered":"<p>Restez inform\u00e9 en tant que Security Leader avec notre programme \u00ab\u00a0Stay Tuned as Security Leader\u00a0\u00bb Pour les Security Leaders et CISO, rester \u00e0 jour avec les derni\u00e8res avanc\u00e9es en s\u00e9curit\u00e9 informatique est essentiel. DPI vous propose la solution id\u00e9ale avec l\u2019abonnement \u201cStay Tuned as Security Leader\u201d. Cette formule vous offre quatre journ\u00e9es de formation approfondie [&hellip;]<\/p>\n","protected":false},"author":30,"featured_media":0,"parent":0,"menu_order":0,"comment_status":"closed","ping_status":"closed","template":"","meta":{"_acf_changed":false,"footnotes":""},"class_list":["post-15784","page","type-page","status-publish","hentry"],"acf":[],"_links":{"self":[{"href":"https:\/\/www.dp-institute.eu\/fr\/wp-json\/wp\/v2\/pages\/15784","targetHints":{"allow":["GET"]}}],"collection":[{"href":"https:\/\/www.dp-institute.eu\/fr\/wp-json\/wp\/v2\/pages"}],"about":[{"href":"https:\/\/www.dp-institute.eu\/fr\/wp-json\/wp\/v2\/types\/page"}],"author":[{"embeddable":true,"href":"https:\/\/www.dp-institute.eu\/fr\/wp-json\/wp\/v2\/users\/30"}],"replies":[{"embeddable":true,"href":"https:\/\/www.dp-institute.eu\/fr\/wp-json\/wp\/v2\/comments?post=15784"}],"version-history":[{"count":10,"href":"https:\/\/www.dp-institute.eu\/fr\/wp-json\/wp\/v2\/pages\/15784\/revisions"}],"predecessor-version":[{"id":19919,"href":"https:\/\/www.dp-institute.eu\/fr\/wp-json\/wp\/v2\/pages\/15784\/revisions\/19919"}],"wp:attachment":[{"href":"https:\/\/www.dp-institute.eu\/fr\/wp-json\/wp\/v2\/media?parent=15784"}],"curies":[{"name":"wp","href":"https:\/\/api.w.org\/{rel}","templated":true}]}}