
{"id":15396,"date":"2024-09-10T14:38:45","date_gmt":"2024-09-10T12:38:45","guid":{"rendered":"https:\/\/www.dp-institute.eu\/?page_id=15396"},"modified":"2024-09-30T20:07:43","modified_gmt":"2024-09-30T18:07:43","slug":"stay-tuned-as-security-leader-programme-du-8-octobre","status":"publish","type":"page","link":"https:\/\/www.dp-institute.eu\/fr\/stay-tuned-as-security-leader-programme-du-8-octobre\/","title":{"rendered":"Stay Tuned as Security Leader : Programme du 8 octobre"},"content":{"rendered":"<p><strong>Restez \u00e0 la pointe en tant que Security Leader avec notre programme \u201cStay Tuned as Security Leader\u201d<\/strong><\/p>\n<p><strong>Restez \u00e0 jour et innovant<\/strong><\/p>\n<p>En tant que Security Leader ou CISO, il est essentiel de rester constamment inform\u00e9 des derni\u00e8res \u00e9volutions en mati\u00e8re de s\u00e9curit\u00e9 informatique. DPI vous offre la solution id\u00e9ale avec notre programme \u201cStay Tuned as Security Leader\u201d.<\/p>\n<p>Cette formule d&rsquo;abonnement vous propose quatre journ\u00e9es de formation approfondies tout au long de l&rsquo;ann\u00e9e, chaque trimestre ax\u00e9es sur deux sujets d&rsquo;actualit\u00e9 dans le domaine de la s\u00e9curit\u00e9 informatique.<\/p>\n<p><strong>Ce que vous pouvez attendre<\/strong><\/p>\n<p>Les sessions \u201cStay Tuned\u201d sont anim\u00e9es par des formateurs experts, soigneusement s\u00e9lectionn\u00e9s pour leur expertise et leurs comp\u00e9tences p\u00e9dagogiques. Lors de ces sessions, vous aurez l\u2019opportunit\u00e9 d\u2019approfondir vos connaissances et de d\u00e9velopper des comp\u00e9tences pratiques.<\/p>\n<p>Le 8 octobre, nous aurons le plaisir d\u2019accueillir les experts suivants : Iwona Muchin et Katrien Van Geystelen.<\/p>\n<p><strong>Programme du matin \u2013 Exercice de simulation avec Iwona Muchin :<\/strong> Dans cet exercice interactif, Iwona vous aidera \u00e0 d\u00e9finir des indicateurs de s\u00e9curit\u00e9 efficaces pour un tableau de bord de Security Assurance. Vous travaillerez sur des cas concrets, tels que des registres d\u2019incidents et des rapports d\u2019audit, et apprendrez \u00e0 pr\u00e9parer des pr\u00e9sentations pour le conseil d\u2019administration. Cette session est con\u00e7ue pour renforcer vos comp\u00e9tences strat\u00e9giques et les traduire en messages clairs et convaincants.<\/p>\n<p><strong>Programme de l\u2019apr\u00e8s-midi \u2013 Comp\u00e9tences en pr\u00e9sentation avec Katrien Van Geystelen :<\/strong> Katrien vous guidera pour transmettre votre message de mani\u00e8re structur\u00e9e et convaincante. L&rsquo;accent sera mis sur les techniques de storytelling, les messages cl\u00e9s et les pr\u00e9sentations visuelles percutantes. De plus, vous recevrez des conseils pratiques pour am\u00e9liorer vos comp\u00e9tences personnelles en pr\u00e9sentation, notamment sur la confiance en soi, la gestion de la voix et les techniques de respiration pour plus de calme et de contr\u00f4le lors de vos interventions.<\/p>\n<p><strong>Renforcez votre d\u00e9veloppement professionnel<\/strong><\/p>\n<p>\u201cStay Tuned\u201d est une formation avanc\u00e9e qui s&rsquo;appuie sur les connaissances acquises lors de la formation de certification CISO. Ces sessions vous aident non seulement \u00e0 rester au fait des derni\u00e8res tendances et menaces, mais aussi \u00e0 d\u00e9velopper les comp\u00e9tences n\u00e9cessaires pour les communiquer efficacement et les appliquer dans votre r\u00f4le de Security Leader.<\/p>\n<p>Ne manquez pas cette opportunit\u00e9 de d\u00e9velopper davantage votre expertise et de rester en t\u00eate dans le monde en constante \u00e9volution de la s\u00e9curit\u00e9 informatique. <a href=\"https:\/\/www.dp-institute.eu\/fr\/formation\/stay-tuned-as-ciso\/\">Inscrivez-vous d\u00e8s aujourd\u2019hui \u00e0 \u201cStay Tuned\u201d<\/a> et am\u00e9liorez vos comp\u00e9tences professionnelles.<\/p>\n<p><strong>Informations pratiques<\/strong><\/p>\n<p>Cette session de Stay Tuned as Security Leader aura lieu le 8 octobre de 9h \u00e0 17h.<\/p>\n<p><strong>Lieu :<\/strong><\/p>\n<p><a href=\"https:\/\/www.dp-institute.eu\/fr\/lieu\/15043\/\">H\u00f4tel Novotel Brussels City Centre<\/a><br \/>\nRue de la Vierge Noire 32<br \/>\n1000 Bruxelles<\/p>\n<p><strong>Envie de d\u00e9couvrir une session Stay Tuned ?<\/strong><\/p>\n<p>Remplissez vos coordonn\u00e9es et assistez \u00e0 la journ\u00e9e gratuitement.<\/p>\n<p><a href=\"https:\/\/eur02.safelinks.protection.outlook.com\/?url=https%3A%2F%2Fdp-institute.anewspring.com%2Fdo%3Faction%3Dplayer%26type%3DEvent%26id%3D261%26courseId%3D196&amp;data=05%7C02%7Cpieter%40dp-institute.eu%7C27ffec859d1343e3b53108dce161b1c9%7C17075fe681b642f88120de58650ac4fc%7C1%7C0%7C638633056908973567%7CUnknown%7CTWFpbGZsb3d8eyJWIjoiMC4wLjAwMDAiLCJQIjoiV2luMzIiLCJBTiI6Ik1haWwiLCJXVCI6Mn0%3D%7C0%7C%7C%7C&amp;sdata=tEiawq1EILSi2u0CA1dINZsCJ%2BS9iWTnTYxFxaULFN4%3D&amp;reserved=0\">DP-Institute | Book your 2024Q3 session here (anewspring.com)<\/a><\/p>\n","protected":false},"excerpt":{"rendered":"<p>Restez \u00e0 la pointe en tant que Security Leader avec notre programme \u201cStay Tuned as Security Leader\u201d Restez \u00e0 jour et innovant En tant que Security Leader ou CISO, il est essentiel de rester constamment inform\u00e9 des derni\u00e8res \u00e9volutions en mati\u00e8re de s\u00e9curit\u00e9 informatique. DPI vous offre la solution id\u00e9ale avec notre programme \u201cStay Tuned [&hellip;]<\/p>\n","protected":false},"author":30,"featured_media":0,"parent":0,"menu_order":0,"comment_status":"closed","ping_status":"closed","template":"","meta":{"_acf_changed":false,"footnotes":""},"class_list":["post-15396","page","type-page","status-publish","hentry"],"acf":[],"_links":{"self":[{"href":"https:\/\/www.dp-institute.eu\/fr\/wp-json\/wp\/v2\/pages\/15396","targetHints":{"allow":["GET"]}}],"collection":[{"href":"https:\/\/www.dp-institute.eu\/fr\/wp-json\/wp\/v2\/pages"}],"about":[{"href":"https:\/\/www.dp-institute.eu\/fr\/wp-json\/wp\/v2\/types\/page"}],"author":[{"embeddable":true,"href":"https:\/\/www.dp-institute.eu\/fr\/wp-json\/wp\/v2\/users\/30"}],"replies":[{"embeddable":true,"href":"https:\/\/www.dp-institute.eu\/fr\/wp-json\/wp\/v2\/comments?post=15396"}],"version-history":[{"count":6,"href":"https:\/\/www.dp-institute.eu\/fr\/wp-json\/wp\/v2\/pages\/15396\/revisions"}],"predecessor-version":[{"id":15577,"href":"https:\/\/www.dp-institute.eu\/fr\/wp-json\/wp\/v2\/pages\/15396\/revisions\/15577"}],"wp:attachment":[{"href":"https:\/\/www.dp-institute.eu\/fr\/wp-json\/wp\/v2\/media?parent=15396"}],"curies":[{"name":"wp","href":"https:\/\/api.w.org\/{rel}","templated":true}]}}