
{"id":12951,"date":"2023-06-12T12:19:36","date_gmt":"2023-06-12T10:19:36","guid":{"rendered":"https:\/\/www.dp-institute.eu\/?page_id=12951"},"modified":"2023-06-12T12:19:36","modified_gmt":"2023-06-12T10:19:36","slug":"formation-certification-auditeur","status":"publish","type":"page","link":"https:\/\/www.dp-institute.eu\/fr\/formation-certification-auditeur\/","title":{"rendered":"Formation Certification Auditeur"},"content":{"rendered":"<p>Le respect de l&rsquo;obligation de d\u00e9montrabilit\u00e9 du RGPD reste un d\u00e9fi pour de nombreuses organisations. Comment pouvez-vous convaincre votre direction, vos actionnaires, vos clients ou \u00e9ventuellement l\u2019APD que toutes les obligations administratives du RGPD sont correctement mises en \u0153uvre dans votre organisation ? Mesurer, c&rsquo;est savoir : un audit est donc une excellente r\u00e9ponse \u00e0 cette question.<\/p>\n<p>Cette formation globale que propose DPI se compose de diff\u00e9rents modules.<\/p>\n<ul>\n<li>\n<h5>Module 1 (deux jours) donnera un bref aper\u00e7u des types d&rsquo;audits qui existent et de ce qu&rsquo;ils impliquent. Nous examinons \u00e9galement de plus pr\u00e8s certains syst\u00e8mes de gestion que vous pouvez utiliser dans votre audit RGPD.<\/h5>\n<\/li>\n<li>\n<h5>Dans le module 2 au cours des deux prochains jours, nous vous montrerons comment effectuer un audit. Nous nous basons sur la norme ISO 19011 et simulons \u00e0 travers des jeux de r\u00f4le et des exercices pratiques comment un auditeur pr\u00e9pare, conduit et termine un audit.<\/h5>\n<\/li>\n<li>\n<h5>Dans le module 3 au cinqui\u00e8me jour, nous examinons de plus pr\u00e8s les normes et standards d&rsquo;audit, tels que ISO 27701, BS10012 et BC5701 et comment vous pouvez les utiliser dans votre propre audit.<\/h5>\n<\/li>\n<\/ul>\n<p>Le dernier module dure 3 jours et comprend un audit pratique dans une vraie entreprise. Vous apprendrez en pratique comment pr\u00e9parer un audit, effectuer une gap analyse et cr\u00e9er un rapport d&rsquo;audit. Vous \u00eates constamment supervis\u00e9 par de vrais auditeurs et recevez des commentaires personnels de leur part. Cet audit pratique peut \u00eatre r\u00e9alis\u00e9 dans votre propre entreprise ou dans une entreprise propos\u00e9e par les enseignants.<\/p>\n<p>&nbsp;<\/p>\n<p>Vous \u00eates DPO, auditeur interne ou externe ou vous souhaitez encore am\u00e9liorer votre conseil aux clients ? Avez-vous besoin de conseils pour un audit RGPD ? Vous souhaitez \u00e9valuer les sous-traitants sur leur conformit\u00e9 au RGPD ou vous souhaitez r\u00e9aliser des audits externes ? Alors cette formation est faite pour vous ! Une connaissance du RGPD est requise pour cette formation.<\/p>\n<h3>Plus d&rsquo;infos par ce lien: <a href=\"https:\/\/www.dp-institute.eu\/fr\/formation\/data-protection-auditor-certification-training\/\"><span style=\"color: #ff0000;\">Formation Certification Auditeur \u00e0 la Protection des Donn\u00e9es &#8211; Data Protection Institute (dp-institute.eu)<\/span><\/a><\/h3>\n","protected":false},"excerpt":{"rendered":"<p>Le respect de l&rsquo;obligation de d\u00e9montrabilit\u00e9 du RGPD reste un d\u00e9fi pour de nombreuses organisations. Comment pouvez-vous convaincre votre direction, vos actionnaires, vos clients ou \u00e9ventuellement l\u2019APD que toutes les obligations administratives du RGPD sont correctement mises en \u0153uvre dans votre organisation ? Mesurer, c&rsquo;est savoir : un audit est donc une excellente r\u00e9ponse \u00e0 [&hellip;]<\/p>\n","protected":false},"author":10,"featured_media":0,"parent":0,"menu_order":0,"comment_status":"closed","ping_status":"closed","template":"","meta":{"_acf_changed":false,"footnotes":""},"class_list":["post-12951","page","type-page","status-publish","hentry"],"acf":[],"_links":{"self":[{"href":"https:\/\/www.dp-institute.eu\/fr\/wp-json\/wp\/v2\/pages\/12951","targetHints":{"allow":["GET"]}}],"collection":[{"href":"https:\/\/www.dp-institute.eu\/fr\/wp-json\/wp\/v2\/pages"}],"about":[{"href":"https:\/\/www.dp-institute.eu\/fr\/wp-json\/wp\/v2\/types\/page"}],"author":[{"embeddable":true,"href":"https:\/\/www.dp-institute.eu\/fr\/wp-json\/wp\/v2\/users\/10"}],"replies":[{"embeddable":true,"href":"https:\/\/www.dp-institute.eu\/fr\/wp-json\/wp\/v2\/comments?post=12951"}],"version-history":[{"count":1,"href":"https:\/\/www.dp-institute.eu\/fr\/wp-json\/wp\/v2\/pages\/12951\/revisions"}],"predecessor-version":[{"id":12952,"href":"https:\/\/www.dp-institute.eu\/fr\/wp-json\/wp\/v2\/pages\/12951\/revisions\/12952"}],"wp:attachment":[{"href":"https:\/\/www.dp-institute.eu\/fr\/wp-json\/wp\/v2\/media?parent=12951"}],"curies":[{"name":"wp","href":"https:\/\/api.w.org\/{rel}","templated":true}]}}